{"id":98,"date":"2022-10-04T23:09:54","date_gmt":"2022-10-04T21:09:54","guid":{"rendered":"https:\/\/dominiquethomasceramiste.com\/?page_id=98"},"modified":"2025-11-12T14:22:21","modified_gmt":"2025-11-12T13:22:21","slug":"expositions-evenements","status":"publish","type":"page","link":"https:\/\/dominiquethomasceramiste.com\/index.php\/expositions-evenements\/","title":{"rendered":"Expositions &#038; Ev\u00e9nements"},"content":{"rendered":"\n<div class=\"wp-block-columns col-large is-layout-flex wp-container-core-columns-is-layout-9d6595d7 wp-block-columns-is-layout-flex\">\n<div class=\"wp-block-column is-layout-flow wp-block-column-is-layout-flow\">\n<h4 class=\"wp-block-heading has-extra-large-font-size\"><strong>Expositions Permanentes<\/strong><\/h4>\n\n\n\n<ul class=\"wp-block-list\">\n<li><strong>Atelier Terre d&rsquo;Empreintes<\/strong> \u2013 CUXAC-CABARDES<\/li>\n\n\n\n<li><strong>Cit\u00e9 Poti\u00e8re<\/strong> &#8211; Cit\u00e9 m\u00e9di\u00e9vale de CARCASSONNE<\/li>\n\n\n\n<li><strong>L&rsquo;Escale C\u00e9ramique<\/strong> &#8211; MONTAUBAN<\/li>\n\n\n\n<li><strong>Ch\u00e2teaux de Lastours <\/strong>&#8211; LASTOURS \/ Aude<\/li>\n\n\n\n<li><strong>Le Pot \u00e0 l&rsquo;Envers<\/strong> &#8211; MOISSAC (\u00e0 partir d&rsquo;avril 2026)<\/li>\n<\/ul>\n<\/div>\n\n\n\n<div class=\"wp-block-column is-layout-flow wp-block-column-is-layout-flow\">\n<h4 class=\"wp-block-heading has-extra-large-font-size\"><strong>Grandes Portes Ouvertes d&rsquo;Hiver<\/strong><\/h4>\n\n\n\n<p class=\"has-text-color has-large-font-size\" style=\"color:#fc9744c7\"><strong>SAMEDI 29 NOVEMBRE 2025<\/strong><\/p>\n\n\n\n<p>Exposition-Vente de mes C\u00e9ramiques ainsi que des r\u00e9alisations d&rsquo;Artisans-Cr\u00e9ateurs vari\u00e9s : Bijoux, Textiles, Laine, Mosa\u00efque, Coutellerie, Photographie.<\/p>\n\n\n\n<p>Restauration sur place. Soupes, tartines et cr\u00eapes. Boissons chaudes et froides.<\/p>\n<\/div>\n<\/div>\n\n\n\n<figure class=\"wp-block-gallery has-nested-images columns-default is-cropped wp-block-gallery-1 is-layout-flex wp-block-gallery-is-layout-flex\">\n<figure class=\"wp-block-image size-large is-style-default\"><img loading=\"lazy\" decoding=\"async\" width=\"724\" height=\"1024\" data-id=\"362\" src=\"https:\/\/dominiquethomasceramiste.com\/wp-content\/uploads\/2025\/11\/JOURNEE-PORTES-OUVERTES-2025-724x1024.jpeg\" alt=\"\" class=\"wp-image-362\" srcset=\"https:\/\/dominiquethomasceramiste.com\/wp-content\/uploads\/2025\/11\/JOURNEE-PORTES-OUVERTES-2025-724x1024.jpeg 724w, https:\/\/dominiquethomasceramiste.com\/wp-content\/uploads\/2025\/11\/JOURNEE-PORTES-OUVERTES-2025-212x300.jpeg 212w, https:\/\/dominiquethomasceramiste.com\/wp-content\/uploads\/2025\/11\/JOURNEE-PORTES-OUVERTES-2025-768x1086.jpeg 768w, https:\/\/dominiquethomasceramiste.com\/wp-content\/uploads\/2025\/11\/JOURNEE-PORTES-OUVERTES-2025-600x848.jpeg 600w, https:\/\/dominiquethomasceramiste.com\/wp-content\/uploads\/2025\/11\/JOURNEE-PORTES-OUVERTES-2025.jpeg 906w\" sizes=\"auto, (max-width: 724px) 100vw, 724px\" \/><\/figure>\n<\/figure>\n","protected":false},"excerpt":{"rendered":"<p>Expositions Permanentes Grandes Portes Ouvertes d&rsquo;Hiver SAMEDI 29 NOVEMBRE 2025 Exposition-Vente de mes C\u00e9ramiques ainsi que des r\u00e9alisations d&rsquo;Artisans-Cr\u00e9ateurs vari\u00e9s : Bijoux, Textiles, Laine, Mosa\u00efque, Coutellerie, Photographie. Restauration sur place. Soupes, tartines et cr\u00eapes. Boissons chaudes et froides.<\/p>\n","protected":false},"author":1,"featured_media":0,"parent":0,"menu_order":0,"comment_status":"closed","ping_status":"closed","template":"","meta":{"footnotes":""},"class_list":["post-98","page","type-page","status-publish","hentry","entry"],"_links":{"self":[{"href":"https:\/\/dominiquethomasceramiste.com\/index.php\/wp-json\/wp\/v2\/pages\/98","targetHints":{"allow":["GET"]}}],"collection":[{"href":"https:\/\/dominiquethomasceramiste.com\/index.php\/wp-json\/wp\/v2\/pages"}],"about":[{"href":"https:\/\/dominiquethomasceramiste.com\/index.php\/wp-json\/wp\/v2\/types\/page"}],"author":[{"embeddable":true,"href":"https:\/\/dominiquethomasceramiste.com\/index.php\/wp-json\/wp\/v2\/users\/1"}],"replies":[{"embeddable":true,"href":"https:\/\/dominiquethomasceramiste.com\/index.php\/wp-json\/wp\/v2\/comments?post=98"}],"version-history":[{"count":22,"href":"https:\/\/dominiquethomasceramiste.com\/index.php\/wp-json\/wp\/v2\/pages\/98\/revisions"}],"predecessor-version":[{"id":369,"href":"https:\/\/dominiquethomasceramiste.com\/index.php\/wp-json\/wp\/v2\/pages\/98\/revisions\/369"}],"wp:attachment":[{"href":"https:\/\/dominiquethomasceramiste.com\/index.php\/wp-json\/wp\/v2\/media?parent=98"}],"curies":[{"name":"wp","href":"https:\/\/api.w.org\/{rel}","templated":true}]}}