{"id":96,"date":"2022-10-04T23:09:24","date_gmt":"2022-10-04T21:09:24","guid":{"rendered":"https:\/\/dominiquethomasceramiste.com\/?page_id=96"},"modified":"2022-11-08T11:54:00","modified_gmt":"2022-11-08T10:54:00","slug":"stages-et-ateliers","status":"publish","type":"page","link":"https:\/\/dominiquethomasceramiste.com\/index.php\/stages-et-ateliers\/","title":{"rendered":"Stages &#038; Ateliers"},"content":{"rendered":"\n<div class=\"wp-block-columns col-large is-layout-flex wp-container-core-columns-is-layout-f5e77106 wp-block-columns-is-layout-flex\" style=\"padding-top:0px;padding-right:0px;padding-bottom:0px;padding-left:0px\">\n<div class=\"wp-block-column is-layout-flow wp-block-column-is-layout-flow\">\n\n<\/div>\n\n\n\n<div class=\"wp-block-column is-layout-flow wp-block-column-is-layout-flow\">\n<p class=\"texte-ateliers\">Je vous propose divers ateliers&nbsp;de tournage, modelage, d\u00e9coration pour d\u00e9butants ou initi\u00e9s.<\/p>\n\n\n\n<p class=\"texte-ateliers\">J\u2019accueille \u00e9galement des personnes en reconversion professionnelle. Me contacter par mail ou t\u00e9l\u00e9phone pour de plus amples renseignements.<\/p>\n\n\n\n<ul class=\"wp-block-list\">\n<li>S\u00e9ances loisir mensuelles en petits groupes les vendredis apr\u00e8s-midi et samedi matin<\/li>\n\n\n\n<li>Forfaits de 5 s\u00e9ances sur RDV<\/li>\n\n\n\n<li>S\u00e9ances \u00e0 la carte en individuel, familles ou petits groupes, sur RDV<\/li>\n<\/ul>\n<\/div>\n<\/div>\n","protected":false},"excerpt":{"rendered":"<p>Je vous propose divers ateliers&nbsp;de tournage, modelage, d\u00e9coration pour d\u00e9butants ou initi\u00e9s. J\u2019accueille \u00e9galement des personnes en reconversion professionnelle. Me contacter par mail ou t\u00e9l\u00e9phone pour de plus amples renseignements.<\/p>\n","protected":false},"author":1,"featured_media":0,"parent":0,"menu_order":0,"comment_status":"closed","ping_status":"closed","template":"","meta":{"footnotes":""},"class_list":["post-96","page","type-page","status-publish","hentry","entry"],"_links":{"self":[{"href":"https:\/\/dominiquethomasceramiste.com\/index.php\/wp-json\/wp\/v2\/pages\/96","targetHints":{"allow":["GET"]}}],"collection":[{"href":"https:\/\/dominiquethomasceramiste.com\/index.php\/wp-json\/wp\/v2\/pages"}],"about":[{"href":"https:\/\/dominiquethomasceramiste.com\/index.php\/wp-json\/wp\/v2\/types\/page"}],"author":[{"embeddable":true,"href":"https:\/\/dominiquethomasceramiste.com\/index.php\/wp-json\/wp\/v2\/users\/1"}],"replies":[{"embeddable":true,"href":"https:\/\/dominiquethomasceramiste.com\/index.php\/wp-json\/wp\/v2\/comments?post=96"}],"version-history":[{"count":11,"href":"https:\/\/dominiquethomasceramiste.com\/index.php\/wp-json\/wp\/v2\/pages\/96\/revisions"}],"predecessor-version":[{"id":347,"href":"https:\/\/dominiquethomasceramiste.com\/index.php\/wp-json\/wp\/v2\/pages\/96\/revisions\/347"}],"wp:attachment":[{"href":"https:\/\/dominiquethomasceramiste.com\/index.php\/wp-json\/wp\/v2\/media?parent=96"}],"curies":[{"name":"wp","href":"https:\/\/api.w.org\/{rel}","templated":true}]}}